{"id":16,"date":"2012-06-21T15:35:35","date_gmt":"2012-06-21T15:35:35","guid":{"rendered":"http:\/\/www.eloriente.net\/home\/?page_id=16"},"modified":"2021-09-05T10:20:53","modified_gmt":"2021-09-05T16:20:53","slug":"contacto","status":"publish","type":"page","link":"http:\/\/www.eloriente.net\/home\/contacto\/","title":{"rendered":"Contacto"},"content":{"rendered":"<p><strong>El Oriente, contenido con rumbo <\/strong>es un espacio tambi\u00e9n para que los ciudadanos expresen sus puntos de vista y compartan sus art\u00edculos, opiniones y comentarios. Por lo cu\u00e1l, este es el lugar donde puedes hacernos llegar tus palabras y materiales.<\/p>\n<p><strong>Domicilio Postal:<\/strong><\/p>\n<p>Col. Reforma, Oaxaca de Ju\u00e1rez, Oaxaca, M\u00e9xico.<\/p>\n<p><strong>Tel\u00e9fono:<\/strong><\/p>\n<p>M\u00f3vil y Whatsapp: 951-2047499<\/p>\n<p><strong>Correo Electr\u00f3nico:<\/strong><\/p>\n<p>direccioneditorial@eloriente.net<\/p>\n<p><strong>Redes Sociales:<\/strong><\/p>\n<p>Twitter: <a href=\"http:\/\/twitter.com\/@El_Oriente\" target=\"_blank\" rel=\"noopener\">twitter.com\/@El_Oriente<\/a><\/p>\n<p>Facebook: <a href=\"http:\/\/facebook.com\/eloriente.net\" target=\"_blank\" rel=\"noopener\">facebook.com\/eloriente.net<\/a><\/p>\n<p>Instagram: <a href=\"http:\/\/instagram.com\/el.oriente\" target=\"_blank\" rel=\"noopener\">instagram.com\/el.oriente<\/a><\/p>\n<p>Youtube: <a href=\"https:\/\/www.youtube.com\/channel\/UC32-HjqbwJZI96Q_2-z7NxQ\" target=\"_blank\" rel=\"noopener\">Canal de Youtube de El Oriente<\/a><\/p>\n<p>Para m\u00e1s informaci\u00f3n, ver Directorio <a href=\"https:\/\/www.eloriente.net\/home\/quienes-somos\/\" target=\"_blank\" rel=\"noopener\">DANDO CLICK AQU\u00cd<\/a><\/p>\n<p>Para anunciarse: <a href=\"https:\/\/www.eloriente.net\/home\/anunciate\/\" target=\"_blank\" rel=\"noopener\">DA CLICK AQU\u00cd<\/a><\/p>\n<p><iframe loading=\"lazy\" title=\"YouTube video player\" src=\"https:\/\/www.youtube.com\/embed\/kiLetwzpKaQ\" width=\"560\" height=\"315\" frameborder=\"0\" allowfullscreen=\"allowfullscreen\"><\/iframe><\/p>\n<p><script async src=\"https:\/\/pagead2.googlesyndication.com\/pagead\/js\/adsbygoogle.js?client=ca-pub-1136171134853753\" crossorigin=\"anonymous\"><\/script><br \/>\n<!-- P\u00e1gina Contacto Adaptable --><br \/>\n<ins class=\"adsbygoogle\" style=\"display: block;\" data-ad-client=\"ca-pub-1136171134853753\" data-ad-slot=\"6570115615\" data-ad-format=\"auto\" data-full-width-responsive=\"true\"><\/ins><br \/>\n<script>\n     (adsbygoogle = window.adsbygoogle || []).push({});\n<\/script><\/p>\n","protected":false},"excerpt":{"rendered":"<p>El Oriente, contenido con rumbo es un espacio tambi\u00e9n para que los ciudadanos expresen sus puntos de vista y compartan sus art\u00edculos, opiniones y comentarios. Por lo cu\u00e1l, este es el lugar donde puedes hacernos llegar tus palabras y materiales. Domicilio Postal: Col. Reforma, Oaxaca de Ju\u00e1rez, Oaxaca, M\u00e9xico. Tel\u00e9fono: M\u00f3vil y Whatsapp: 951-2047499 Correo [&hellip;]<\/p>\n","protected":false},"author":1,"featured_media":0,"parent":0,"menu_order":0,"comment_status":"open","ping_status":"open","template":"","meta":{"footnotes":""},"class_list":["post-16","page","type-page","status-publish","hentry"],"jetpack_sharing_enabled":true,"_links":{"self":[{"href":"http:\/\/www.eloriente.net\/home\/wp-json\/wp\/v2\/pages\/16"}],"collection":[{"href":"http:\/\/www.eloriente.net\/home\/wp-json\/wp\/v2\/pages"}],"about":[{"href":"http:\/\/www.eloriente.net\/home\/wp-json\/wp\/v2\/types\/page"}],"author":[{"embeddable":true,"href":"http:\/\/www.eloriente.net\/home\/wp-json\/wp\/v2\/users\/1"}],"replies":[{"embeddable":true,"href":"http:\/\/www.eloriente.net\/home\/wp-json\/wp\/v2\/comments?post=16"}],"version-history":[{"count":5,"href":"http:\/\/www.eloriente.net\/home\/wp-json\/wp\/v2\/pages\/16\/revisions"}],"predecessor-version":[{"id":64953,"href":"http:\/\/www.eloriente.net\/home\/wp-json\/wp\/v2\/pages\/16\/revisions\/64953"}],"wp:attachment":[{"href":"http:\/\/www.eloriente.net\/home\/wp-json\/wp\/v2\/media?parent=16"}],"curies":[{"name":"wp","href":"https:\/\/api.w.org\/{rel}","templated":true}]}}