{"id":36,"date":"2012-06-21T17:17:30","date_gmt":"2012-06-21T17:17:30","guid":{"rendered":"http:\/\/www.eloriente.net\/home\/?page_id=36"},"modified":"2016-11-24T19:20:08","modified_gmt":"2016-11-25T01:20:08","slug":"tus-redes","status":"publish","type":"page","link":"http:\/\/www.eloriente.net\/home\/tus-redes\/","title":{"rendered":"Twitter en Oaxaca"},"content":{"rendered":"<p><script src=\"\/\/pagead2.googlesyndication.com\/pagead\/js\/adsbygoogle.js\" async=\"\"><\/script><!-- TWITTER EN OAXACA --> <ins class=\"adsbygoogle\" style=\"display: inline-block; width: 336px; height: 280px;\" data-ad-client=\"ca-pub-1136171134853753\" data-ad-slot=\"7922194821\"><\/ins><script>\/\/ <![CDATA[\n(adsbygoogle = window.adsbygoogle || []).push({});\n\/\/ ]]><\/script><br \/>\nA CONTINUACI\u00d3N, LAS LISTAS DE CUENTAS EN TWITTER SELECCIONADAS POR EL STAFF DE <strong>ELORIENTE.NET<\/strong> SOBRE TEMAS ESPEC\u00cdFICOS EN OAXACA.<\/p>\n<p>TU PUEDES SEGUIR LAS LISTAS DE <strong>EL ORIENTE<\/strong>, DANDO CLICK <a href=\"https:\/\/twitter.com\/El_Oriente\/lists\" target=\"_blank\">AQU\u00cd<\/a>:<\/p>\n<p>&nbsp;<\/p>\n<p>ESPECIAL DESDE LA CUENTA DE <a href=\"https:\/\/twitter.com\/EleccionesOax\" target=\"_blank\">@EleccionesOax<\/a>:<br \/>\n<a class=\"twitter-timeline\" href=\"https:\/\/twitter.com\/EleccionesOax\" data-widget-id=\"584790606938935296\">Tweets por el @EleccionesOax.<\/a><br \/>\n<script>\/\/ <![CDATA[\n!function(d,s,id){var js,fjs=d.getElementsByTagName(s)[0],p=\/^http:\/.test(d.location)?'http':'https';if(!d.getElementById(id)){js=d.createElement(s);js.id=id;js.src=p+\":\/\/platform.twitter.com\/widgets.js\";fjs.parentNode.insertBefore(js,fjs);}}(document,\"script\",\"twitter-wjs\");\n\/\/ ]]><\/script><\/p>\n<p>&nbsp;<\/p>\n<p>&nbsp;<\/p>\n<p>&nbsp;<\/p>\n<p>&nbsp;<\/p>\n<p><strong>\u00a0LISTA: LOS COMUNICADORES DE OAXACA:<\/strong><br \/>\n<a class=\"twitter-timeline\" href=\"https:\/\/twitter.com\/El_Oriente\/lists\/comunicadores-oaxaca\" data-widget-id=\"245581725223223297\">Tweets de https:\/\/twitter.com\/El_Oriente\/lists\/comunicadores-oaxaca<\/a><br \/>\n<script>\/\/ <![CDATA[\n!function(d,s,id){var js,fjs=d.getElementsByTagName(s)[0],p=\/^http:\/.test(d.location)?'http':'https';if(!d.getElementById(id)){js=d.createElement(s);js.id=id;js.src=p+\":\/\/platform.twitter.com\/widgets.js\";fjs.parentNode.insertBefore(js,fjs);}}(document,\"script\",\"twitter-wjs\");\n\/\/ ]]><\/script><\/p>\n<p>&nbsp;<\/p>\n<p>&nbsp;<\/p>\n<p><strong>LISTA CULTURA Y ARTISTAS DE OAXACA:<\/strong><br \/>\n<a class=\"twitter-timeline\" href=\"https:\/\/twitter.com\/El_Oriente\/lists\/cultura-y-artistas-oaxaca\" data-widget-id=\"347771977076977664\">Tweets de https:\/\/twitter.com\/El_Oriente\/lists\/cultura-y-artistas-oaxaca<\/a><br \/>\n<script>\/\/ <![CDATA[\n!function(d,s,id){var js,fjs=d.getElementsByTagName(s)[0],p=\/^http:\/.test(d.location)?'http':'https';if(!d.getElementById(id)){js=d.createElement(s);js.id=id;js.src=p+\":\/\/platform.twitter.com\/widgets.js\";fjs.parentNode.insertBefore(js,fjs);}}(document,\"script\",\"twitter-wjs\");\n\/\/ ]]><\/script><\/p>\n<p>&nbsp;<\/p>\n<p>&nbsp;<\/p>\n<p><strong>LISTA LEGISLADORES DE OAXACA:<\/strong><br \/>\n<a class=\"twitter-timeline\" href=\"https:\/\/twitter.com\/El_Oriente\/lists\/legisladores-oaxaca\" data-widget-id=\"538071286652866562\">Tweets de https:\/\/twitter.com\/El_Oriente\/lists\/legisladores-oaxaca<\/a><\/p>\n<p>&nbsp;<\/p>\n<p>&nbsp;<\/p>\n<p><strong>LISTA DE SERVIDORES P\u00daBLICOS DE OAXACA:<\/strong><br \/>\n<a class=\"twitter-timeline\" href=\"https:\/\/twitter.com\/El_Oriente\/lists\/servidores-p%C3%9Ab-oaxaca\" data-widget-id=\"538071757291532288\">Tweets de https:\/\/twitter.com\/El_Oriente\/lists\/servidores-p%C3%9Ab-oaxaca<\/a><br \/>\n<script>\/\/ <![CDATA[\n!function(d,s,id){var js,fjs=d.getElementsByTagName(s)[0],p=\/^http:\/.test(d.location)?'http':'https';if(!d.getElementById(id)){js=d.createElement(s);js.id=id;js.src=p+\":\/\/platform.twitter.com\/widgets.js\";fjs.parentNode.insertBefore(js,fjs);}}(document,\"script\",\"twitter-wjs\");\n\/\/ ]]><\/script><\/p>\n<p>&nbsp;<\/p>\n<p><strong>LISTA DE ORGANIZACIONES DE LA SOCIEDAD CIVIL:<\/strong><br \/>\n<a class=\"twitter-timeline\" href=\"https:\/\/twitter.com\/El_Oriente\/lists\/tercer-sector\" data-widget-id=\"538072057750515712\">Tweets de https:\/\/twitter.com\/El_Oriente\/lists\/tercer-sector<\/a><\/p>\n<p>&nbsp;<\/p>\n<p>&nbsp;<\/p>\n<p>&nbsp;<\/p>\n<p>&nbsp;<\/p>\n<p>&nbsp;<br \/>\n<script>\/\/ <![CDATA[\n!function(d,s,id){var js,fjs=d.getElementsByTagName(s)[0],p=\/^http:\/.test(d.location)?'http':'https';if(!d.getElementById(id)){js=d.createElement(s);js.id=id;js.src=p+\":\/\/platform.twitter.com\/widgets.js\";fjs.parentNode.insertBefore(js,fjs);}}(document,\"script\",\"twitter-wjs\");\n\/\/ ]]><\/script><\/p>\n<p><script src=\"\/\/pagead2.googlesyndication.com\/pagead\/js\/adsbygoogle.js\" async=\"\"><\/script><!-- TWITTER EN OAXACA --> <ins class=\"adsbygoogle\" style=\"display: inline-block; width: 336px; height: 280px;\" data-ad-client=\"ca-pub-1136171134853753\" data-ad-slot=\"7922194821\"><\/ins><script>\/\/ <![CDATA[\n(adsbygoogle = window.adsbygoogle || []).push({});\n\/\/ ]]><\/script><\/p>\n<p>&nbsp;<\/p>\n<p>&nbsp;<\/p>\n<p>&nbsp;<\/p>\n","protected":false},"excerpt":{"rendered":"<p>A CONTINUACI\u00d3N, LAS LISTAS DE CUENTAS EN TWITTER SELECCIONADAS POR EL STAFF DE ELORIENTE.NET SOBRE TEMAS ESPEC\u00cdFICOS EN OAXACA. TU PUEDES SEGUIR LAS LISTAS DE EL ORIENTE, DANDO CLICK AQU\u00cd: &nbsp; ESPECIAL DESDE LA CUENTA DE @EleccionesOax: Tweets por el @EleccionesOax. &nbsp; &nbsp; &nbsp; &nbsp; \u00a0LISTA: LOS COMUNICADORES DE OAXACA: Tweets de https:\/\/twitter.com\/El_Oriente\/lists\/comunicadores-oaxaca &nbsp; &nbsp; [&hellip;]<\/p>\n","protected":false},"author":1,"featured_media":0,"parent":0,"menu_order":0,"comment_status":"open","ping_status":"closed","template":"","meta":{"footnotes":""},"class_list":["post-36","page","type-page","status-publish","hentry"],"jetpack_sharing_enabled":true,"_links":{"self":[{"href":"http:\/\/www.eloriente.net\/home\/wp-json\/wp\/v2\/pages\/36"}],"collection":[{"href":"http:\/\/www.eloriente.net\/home\/wp-json\/wp\/v2\/pages"}],"about":[{"href":"http:\/\/www.eloriente.net\/home\/wp-json\/wp\/v2\/types\/page"}],"author":[{"embeddable":true,"href":"http:\/\/www.eloriente.net\/home\/wp-json\/wp\/v2\/users\/1"}],"replies":[{"embeddable":true,"href":"http:\/\/www.eloriente.net\/home\/wp-json\/wp\/v2\/comments?post=36"}],"version-history":[{"count":84,"href":"http:\/\/www.eloriente.net\/home\/wp-json\/wp\/v2\/pages\/36\/revisions"}],"predecessor-version":[{"id":46085,"href":"http:\/\/www.eloriente.net\/home\/wp-json\/wp\/v2\/pages\/36\/revisions\/46085"}],"wp:attachment":[{"href":"http:\/\/www.eloriente.net\/home\/wp-json\/wp\/v2\/media?parent=36"}],"curies":[{"name":"wp","href":"https:\/\/api.w.org\/{rel}","templated":true}]}}