{"id":57534,"date":"2019-08-14T10:06:21","date_gmt":"2019-08-14T16:06:21","guid":{"rendered":"http:\/\/www.eloriente.net\/home\/?page_id=57534"},"modified":"2019-10-29T14:51:44","modified_gmt":"2019-10-29T20:51:44","slug":"aviso-de-privacidad","status":"publish","type":"page","link":"http:\/\/www.eloriente.net\/home\/aviso-de-privacidad\/","title":{"rendered":"Aviso de privacidad"},"content":{"rendered":"<h2><strong>AVISO DE PRIVACIDAD<\/strong><\/h2>\n<p>La protecci\u00f3n de sus datos personales resulta de primera importancia para el equipo de eloriente.net\/Staffcom, Despacho de Comunicaci\u00f3n, raz\u00f3n por la cual, con este AVISO DE PRIVACIDAD estamos cumpliendo con la LEY FEDERAL DE\u00a0PROTECCI\u00d3N DE DATOS PERSONALES EN POSESI\u00d3N DE LOS PARTICULARES, para los casos en que a trav\u00e9s de esta p\u00e1gina, otras de nuestras p\u00e1ginas o de alguna de nuestras redes, estuvi\u00e9semos obteniendo datos personales de alg\u00fan usuario y para que sepas c\u00f3mo se coordinan.<\/p>\n<p>Por ejemplo, en el caso de algunos clientes o usuarios se pueden solicitar informaci\u00f3n personal como nombre, direcci\u00f3n,\u00a0fecha de nacimiento; lugar de nacimiento; estado civil; ocupaci\u00f3n; CURP y RFC; correo\u00a0electr\u00f3nico y telef\u00f3no; datos patrimoniales como cuentas bancarias, entre otros; comprobantes oficiales que acrediten su identidad y la informaci\u00f3n que declara.<\/p>\n<p>Esto es \u00fanicamente para confirmar su identidad; entender y atender sus\u00a0necesidades; cumplir con los requerimientos legales que le son aplicables y verificar la informaci\u00f3n que nos proporciona. En el caso espec\u00edfico de cuentas bancarias, tambi\u00e9n es posible que en la mayor\u00eda de los casos, la informaci\u00f3n no la recabe directamente eloriente.net\/Staffcom, por lo cual la plataforma respectiva como PayPal, WooCommerce o quien resulte, ser\u00e1 enteramente responsable de la operaci\u00f3n y las sugerencias, comentarios o quejas deber\u00e1n ir dirigidos a ellas.<\/p>\n<p>Es importante hacerte saber que en este sentido se cumple absolutamente con la Ley y todos sus principios y pueden ser recabados, dichos datos,\u00a0directamente del titular de forma personal o a trav\u00e9s de otros\u00a0medios \u00f3pticos, sonoros, visuales, o por cualquier otra tecnolog\u00eda legalmente permitida, en nuestra\u00a0p\u00e1gina de internet o servicios en l\u00ednea, entre otras.<\/p>\n<p>De la misma manera, resulta indispensable que tengas la seguridad de que es posible que estos datos puedan ser compartidos con terceros para diversos efectos relacionados con los servicios que nos solicita o para cumplir con alguna obligaci\u00f3n, como pueden ser sin limitar: abogados,\u00a0Notarios o Corredores P\u00fablicos, para la formalizaci\u00f3n de documentos que as\u00ed lo requieran, as\u00ed como\u00a0para el cumplimiento de obligaciones legales ante las autoridades que as\u00ed lo soliciten.<\/p>\n<p>En la representaci\u00f3n impresa del presente Aviso de Privacidad, si usted no manifiesta su oposici\u00f3n para que sus datos personales sean transferidos, se entender\u00e1 que ha otorgado su consentimiento para ello. En caso contrario, tendr\u00e1 que marcar la casilla de elecci\u00f3n que\u00a0<strong>No<\/strong>\u00a0desea que sus datos personales sean transferidos en los t\u00e9rminos descritos en este documento.<\/p>\n<p>Tambi\u00e9n usted est\u00e1 enterado a trav\u00e9s de este Aviso que en www.eloriente.net puede en su caso tener una cuenta personal donde puede registrarse y en su caso realizar compras en l\u00ednea, o no, lo cual queda a su entera disposici\u00f3n. En un primer paso, es posible que se recabe su correo electr\u00f3nico, preferencias o contrase\u00f1a personalizada. Una vez ya en ese registro, puede haber otros datos solicitados, a los cuales se les dar\u00e1 el trato que se se\u00f1ala en este aviso.<\/p>\n<p>Desafortunadamente, ninguna transmisi\u00f3n por Internet puede garantizar su seguridad al cien por ciento. Por lo tanto, aunque eloriente.net\/Staffcom se esfuerce en proteger su informaci\u00f3n personal, no puede asegurar ni garantizar la seguridad en la transmisi\u00f3n de ninguna informaci\u00f3n relacionada con ninguno de nuestros servicios en l\u00ednea, por lo que usted corre su propio riesgo.<\/p>\n<p>Ahora bien, Usted tiene derechos. Usted tiene derecho a Acceder a sus datos personales que se encuentran en nuestro poder y a los detalles del tratamiento de los mismos, as\u00ed como a rectificarlos en caso de ser inexactos o incompletos; cancelarlos cuando considere que no se requieren para algunas de las finalidades se\u00f1aladas en el presente aviso de privacidad, est\u00e9n siendo utilizados para finalidades no consentidas o haya finalizado la relaci\u00f3n contractual o de servicio, o bien, oponerse al tratamiento de los mismos para fines espec\u00edficos.<\/p>\n<p>Los mecanismos que se han implementado para el ejercicio de estos derechos (ARCO) son a trav\u00e9s de la presentaci\u00f3n de la solicitud respectiva por escrito en nuestra \u00e1rea comercial\u00a0en Chapala 111, Fracc. La Cascada, Oaxaca, Oaxaca, CP. 68040. Dicha solicitud deber\u00e1 ser acompa\u00f1ada de copia de identificaci\u00f3n oficial del titular de los datos, as\u00ed como firmada de forma aut\u00f3grafa, o bien enviando su solicitud al correo direccioncomercial@eloriente.net<\/p>\n<p>Tambi\u00e9n para cualquier duda al respecto puede llamar al n\u00famero telef\u00f3nico:\u00a0(951)2066372. Es importante mencionar que no puede limitarse el uso o\u00a0divulgaci\u00f3n de su informaci\u00f3n personal, cuando sea necesario dar cumplimiento a obligaciones\u00a0legales o a solicitudes de autoridades competentes.<\/p>\n<p>Para el ejercicio de otros derechos en relaci\u00f3n a este tema, puede ejercerlo en cualquier momento contactando a los mismos medios antes se\u00f1alados.<\/p>\n<p>Es verdad que resulta necesario, que peri\u00f3dicamente puedas checar este aviso, pues puede puede sufrir modificaciones, cambios o actualizaciones. En ese caso, lo informaremos a trav\u00e9s de alguno de los medios de eloriente.net<\/p>\n<p>Si el usuario utiliza los servicios de eloriente.net\/Staffcom en cualquiera de sus sitios, significa que ha le\u00eddo, entendido y acordado los t\u00e9rminos antes expuestos. Si no est\u00e1 de acuerdo con ellos, el usuario no deber\u00e1 proporcionar ninguna informaci\u00f3n personal, ni utilizar los servicios de los sitios de eloriente.net\/Staffcom.<\/p>\n<p>Los precios y la disponibilidad de productos est\u00e1n sujetos a cambios sin previo aviso, y solo aplican para la venta en l\u00ednea de que se trate. Para efectos de compras en l\u00ednea, es indispensable que revises tambi\u00e9n las Pol\u00edticas de Env\u00edo y las Pol\u00edticas de Devoluci\u00f3n.<\/p>\n<p>Para cualquier informaci\u00f3n adicional, puedes contactarnos libremente a trav\u00e9s del siguiente enlace.<a href=\"http:\/\/www.eloriente.net\/home\/contacto\/\"> Contacto.<\/a><\/p>\n<p><script async src=\"https:\/\/pagead2.googlesyndication.com\/pagead\/js\/adsbygoogle.js\"><\/script><br \/>\n<ins class=\"adsbygoogle\" style=\"display: block; text-align: center;\" data-ad-layout=\"in-article\" data-ad-format=\"fluid\" data-ad-client=\"ca-pub-1136171134853753\" data-ad-slot=\"5545504441\"><\/ins><br \/>\n<script>\n     (adsbygoogle = window.adsbygoogle || []).push({});\n<\/script><\/p>\n","protected":false},"excerpt":{"rendered":"<p>AVISO DE PRIVACIDAD La protecci\u00f3n de sus datos personales resulta de primera importancia para el equipo de eloriente.net\/Staffcom, Despacho de Comunicaci\u00f3n, raz\u00f3n por la cual, con este AVISO DE PRIVACIDAD estamos cumpliendo con la LEY FEDERAL DE\u00a0PROTECCI\u00d3N DE DATOS PERSONALES EN POSESI\u00d3N DE LOS PARTICULARES, para los casos en que a trav\u00e9s de esta p\u00e1gina, [&hellip;]<\/p>\n","protected":false},"author":1,"featured_media":0,"parent":0,"menu_order":0,"comment_status":"closed","ping_status":"closed","template":"","meta":{"footnotes":""},"class_list":["post-57534","page","type-page","status-publish","hentry"],"jetpack_sharing_enabled":true,"_links":{"self":[{"href":"http:\/\/www.eloriente.net\/home\/wp-json\/wp\/v2\/pages\/57534"}],"collection":[{"href":"http:\/\/www.eloriente.net\/home\/wp-json\/wp\/v2\/pages"}],"about":[{"href":"http:\/\/www.eloriente.net\/home\/wp-json\/wp\/v2\/types\/page"}],"author":[{"embeddable":true,"href":"http:\/\/www.eloriente.net\/home\/wp-json\/wp\/v2\/users\/1"}],"replies":[{"embeddable":true,"href":"http:\/\/www.eloriente.net\/home\/wp-json\/wp\/v2\/comments?post=57534"}],"version-history":[{"count":4,"href":"http:\/\/www.eloriente.net\/home\/wp-json\/wp\/v2\/pages\/57534\/revisions"}],"predecessor-version":[{"id":58789,"href":"http:\/\/www.eloriente.net\/home\/wp-json\/wp\/v2\/pages\/57534\/revisions\/58789"}],"wp:attachment":[{"href":"http:\/\/www.eloriente.net\/home\/wp-json\/wp\/v2\/media?parent=57534"}],"curies":[{"name":"wp","href":"https:\/\/api.w.org\/{rel}","templated":true}]}}