{"id":14,"date":"2012-06-21T15:34:51","date_gmt":"2012-06-21T15:34:51","guid":{"rendered":"http:\/\/www.eloriente.net\/home\/?page_id=14"},"modified":"2023-10-11T09:24:14","modified_gmt":"2023-10-11T15:24:14","slug":"quienes-somos","status":"publish","type":"page","link":"https:\/\/www.eloriente.net\/home\/quienes-somos\/","title":{"rendered":"Qui\u00e9nes Somos"},"content":{"rendered":"<p>Bienvenido a ELORIENTE.NET. La expresi\u00f3n de un equipo de personas que cree en la vida y sus valores.<\/p>\n<p>El Oriente es un puerto digital donde arriban y parten los mejores talentos y ciudades del Sur de M\u00e9xico.<\/p>\n<p>Realizamos la detecci\u00f3n, desarrollo, formaci\u00f3n y difusi\u00f3n de esos talentos y oportunidades para impulsarlos m\u00e1s all\u00e1 de sus actuales l\u00edmites.<\/p>\n<p>Buscamos convertirnos en una referencia de b\u00fasqueda donde hoy, y en el futuro, se encuentre lo mejor del talento y la expresi\u00f3n humana de nuestro tiempo.<\/p>\n<p><strong>DIRECTORIO<\/strong><\/p>\n<p><em><strong>STAFFCOM, DESPACHO DE COMUNICACI\u00d3N Y CULTURA<\/strong><\/em><\/p>\n<p><strong>\u00c9rika Elsa Woolrich Bola\u00f1os Cacho<\/strong><\/p>\n<p>Directora General Staffcom, Despacho de Comunicaci\u00f3n y Cultura<\/p>\n<p><strong>Juan Pablo Vasconcelos M\u00e9ndez<\/strong><\/p>\n<p>Director eloriente.net<\/p>\n<p>direcciongeneral@eloriente.net<\/p>\n<p>Para mayor informaci\u00f3n, puedes llamarnos a los tel\u00e9fonos:<\/p>\n<p>M\u00f3vil y Whatsapp: 951-2047499<\/p>\n<p><script async src=\"https:\/\/pagead2.googlesyndication.com\/pagead\/js\/adsbygoogle.js?client=ca-pub-1136171134853753\" crossorigin=\"anonymous\"><\/script><br \/>\n<ins class=\"adsbygoogle\" style=\"display: block;\" data-ad-format=\"fluid\" data-ad-layout-key=\"-6t+ed+2i-1n-4w\" data-ad-client=\"ca-pub-1136171134853753\" data-ad-slot=\"4677246680\"><\/ins><br \/>\n<script>\n     (adsbygoogle = window.adsbygoogle || []).push({});\n<\/script><\/p>\n","protected":false},"excerpt":{"rendered":"<p>Bienvenido a ELORIENTE.NET. La expresi\u00f3n de un equipo de personas que cree en la vida y sus valores. El Oriente es un puerto digital donde arriban y parten los mejores talentos y ciudades del Sur de M\u00e9xico. Realizamos la detecci\u00f3n, desarrollo, formaci\u00f3n y difusi\u00f3n de esos talentos y oportunidades para impulsarlos m\u00e1s all\u00e1 de sus [&hellip;]<\/p>\n","protected":false},"author":1,"featured_media":0,"parent":0,"menu_order":0,"comment_status":"open","ping_status":"open","template":"","meta":{"footnotes":""},"class_list":["post-14","page","type-page","status-publish","hentry"],"jetpack_sharing_enabled":true,"_links":{"self":[{"href":"https:\/\/www.eloriente.net\/home\/wp-json\/wp\/v2\/pages\/14"}],"collection":[{"href":"https:\/\/www.eloriente.net\/home\/wp-json\/wp\/v2\/pages"}],"about":[{"href":"https:\/\/www.eloriente.net\/home\/wp-json\/wp\/v2\/types\/page"}],"author":[{"embeddable":true,"href":"https:\/\/www.eloriente.net\/home\/wp-json\/wp\/v2\/users\/1"}],"replies":[{"embeddable":true,"href":"https:\/\/www.eloriente.net\/home\/wp-json\/wp\/v2\/comments?post=14"}],"version-history":[{"count":5,"href":"https:\/\/www.eloriente.net\/home\/wp-json\/wp\/v2\/pages\/14\/revisions"}],"predecessor-version":[{"id":66524,"href":"https:\/\/www.eloriente.net\/home\/wp-json\/wp\/v2\/pages\/14\/revisions\/66524"}],"wp:attachment":[{"href":"https:\/\/www.eloriente.net\/home\/wp-json\/wp\/v2\/media?parent=14"}],"curies":[{"name":"wp","href":"https:\/\/api.w.org\/{rel}","templated":true}]}}